{"id":318,"date":"2021-01-08T13:45:46","date_gmt":"2021-01-08T12:45:46","guid":{"rendered":"http:\/\/www.larr-abesk.fr\/?page_id=318"},"modified":"2021-01-08T13:45:46","modified_gmt":"2021-01-08T12:45:46","slug":"liens-utiles","status":"publish","type":"page","link":"http:\/\/www.larr-abesk.fr\/?page_id=318","title":{"rendered":"Liens utiles"},"content":{"rendered":"\n<p><strong>M\u00e9ditations guid\u00e9es<\/strong><\/p>\n\n\n\n<div class=\"wp-block-group\"><div class=\"wp-block-group__inner-container\">\n<p><strong>C\u00e9dric Michel<\/strong><\/p>\n\n\n\n<figure class=\"wp-block-embed-youtube wp-block-embed is-type-video is-provider-youtube wp-embed-aspect-16-9 wp-has-aspect-ratio\"><div class=\"wp-block-embed__wrapper\">\n<iframe loading=\"lazy\" title=\"Me\u0301ditation guide\u0301e vers le calme profond ???? C\u00e9dric Michel\" width=\"500\" height=\"281\" src=\"https:\/\/www.youtube.com\/embed\/b5KtVjy2byI?feature=oembed\" frameborder=\"0\" allow=\"accelerometer; autoplay; clipboard-write; encrypted-media; gyroscope; picture-in-picture\" allowfullscreen><\/iframe>\n<\/div><\/figure>\n<\/div><\/div>\n\n\n\n<div class=\"wp-block-group\"><div class=\"wp-block-group__inner-container\">\n<div class=\"wp-block-group\"><div class=\"wp-block-group__inner-container\">\n<div class=\"wp-block-group\"><div class=\"wp-block-group__inner-container\">\n<p><strong>Une voix qui porte<\/strong><\/p>\n<\/div><\/div>\n\n\n\n<figure class=\"wp-block-embed-youtube wp-block-embed is-type-video is-provider-youtube wp-embed-aspect-16-9 wp-has-aspect-ratio\"><div class=\"wp-block-embed__wrapper\">\n<iframe loading=\"lazy\" title=\"18 min d&#039;AUDIO pour s&#039;endormir vite le soir - son st\u00e9r\u00e9o 360\u00b0\" width=\"500\" height=\"281\" src=\"https:\/\/www.youtube.com\/embed\/ZGmdJGvXzHA?feature=oembed\" frameborder=\"0\" allow=\"accelerometer; autoplay; clipboard-write; encrypted-media; gyroscope; picture-in-picture\" allowfullscreen><\/iframe>\n<\/div><\/figure>\n<\/div><\/div>\n<\/div><\/div>\n\n\n\n<div class=\"wp-block-group\"><div class=\"wp-block-group__inner-container\">\n<p><strong>Jan et Olivia<\/strong><\/p>\n\n\n\n<figure class=\"wp-block-embed-youtube wp-block-embed is-type-video is-provider-youtube wp-embed-aspect-16-9 wp-has-aspect-ratio\"><div class=\"wp-block-embed__wrapper\">\n<iframe loading=\"lazy\" title=\"M\u00e9ditation guid\u00e9e soir - S&#039;endormir sereinement\" width=\"500\" height=\"281\" src=\"https:\/\/www.youtube.com\/embed\/v_fJAN3JJS4?feature=oembed\" frameborder=\"0\" allow=\"accelerometer; autoplay; clipboard-write; encrypted-media; gyroscope; picture-in-picture\" allowfullscreen><\/iframe>\n<\/div><\/figure>\n<\/div><\/div>\n","protected":false},"excerpt":{"rendered":"<p>M\u00e9ditations guid\u00e9es C\u00e9dric Michel Une voix qui porte Jan et Olivia<\/p>\n","protected":false},"author":1,"featured_media":0,"parent":0,"menu_order":0,"comment_status":"closed","ping_status":"closed","template":"","meta":[],"_links":{"self":[{"href":"http:\/\/www.larr-abesk.fr\/index.php?rest_route=\/wp\/v2\/pages\/318"}],"collection":[{"href":"http:\/\/www.larr-abesk.fr\/index.php?rest_route=\/wp\/v2\/pages"}],"about":[{"href":"http:\/\/www.larr-abesk.fr\/index.php?rest_route=\/wp\/v2\/types\/page"}],"author":[{"embeddable":true,"href":"http:\/\/www.larr-abesk.fr\/index.php?rest_route=\/wp\/v2\/users\/1"}],"replies":[{"embeddable":true,"href":"http:\/\/www.larr-abesk.fr\/index.php?rest_route=%2Fwp%2Fv2%2Fcomments&post=318"}],"version-history":[{"count":3,"href":"http:\/\/www.larr-abesk.fr\/index.php?rest_route=\/wp\/v2\/pages\/318\/revisions"}],"predecessor-version":[{"id":327,"href":"http:\/\/www.larr-abesk.fr\/index.php?rest_route=\/wp\/v2\/pages\/318\/revisions\/327"}],"wp:attachment":[{"href":"http:\/\/www.larr-abesk.fr\/index.php?rest_route=%2Fwp%2Fv2%2Fmedia&parent=318"}],"curies":[{"name":"wp","href":"https:\/\/api.w.org\/{rel}","templated":true}]}}